{"id":71,"date":"2017-07-21T18:12:54","date_gmt":"2017-07-21T16:12:54","guid":{"rendered":"http:\/\/localhost\/egb-getriebe.de\/?page_id=71"},"modified":"2025-10-21T13:16:52","modified_gmt":"2025-10-21T11:16:52","slug":"impressum","status":"publish","type":"page","link":"https:\/\/www.egb-getriebe.de\/en\/impressum\/","title":{"rendered":"Impressum"},"content":{"rendered":"<div class=\"list--labeled\">\n<div class=\"list__label\">Herausgeber:<\/div>\n<div class=\"list__value\">EGB Getriebe GmbH\nAm Klingenweg 9\n65396 Walluf<\/div>\n<\/div>\n<div class=\"list--labeled\">\n<div class=\"list__label\">Vertreten durch:<\/div>\n<div class=\"list__value\">Evangelos Pipsos<\/div>\n<\/div>\n<div class=\"list--labeled\">\n<div class=\"list__label\">Telefon:<\/div>\n<div class=\"list__value\">+49 (0) 6123 999-6530<\/div>\n<\/div>\n<div class=\"list--labeled\">\n<div class=\"list__label\">Handelsregister:<\/div>\n<div class=\"list__value\">Amtsgericht Wiesbaden,\nHRB 17707<\/div>\n<\/div>\n<div class=\"list--labeled\">\n<div class=\"list__label\">USt-ID-Nr:<\/div>\n<div class=\"list__value\">DE 113842032<\/div>\n<\/div>\n<div class=\"list--labeled\">\n<div class=\"list__label\">E-Mail:<\/div>\n<div class=\"list__value\"><a href=\"mailto:info@egb-getriebe.de\">info@egb-getriebe.de<\/a><\/div>\n<\/div>\n<div class=\"list--labeled\">\n<div class=\"list__label\">Design und technische Umsetzung:<\/div>\n<div class=\"list__value\"><a href=\"https:\/\/www.a-w-media.de\/\">AW Media Werbeagentur<\/a><\/div>\n<\/div>\n<h2>Haftung f\u00fcr Inhalte<\/h2>\nAls Diensteanbieter sind wir gem\u00e4\u00df \u00a7 7 Abs.1 TMG f\u00fcr eigene Inhalte auf diesen Seiten nach den allgemeinen Gesetzen verantwortlich. Nach \u00a7\u00a7 8 bis 10 TMG sind wir als Diensteanbieter jedoch nicht verpflichtet, \u00fcbermittelte oder gespeicherte fremde Informationen zu \u00fcberwachen oder nach Umst\u00e4nden zu forschen, die auf eine rechtswidrige T\u00e4tigkeit hinweisen.\n\nVerpflichtungen zur Entfernung oder Sperrung der Nutzung von Informationen nach den allgemeinen Gesetzen bleiben hiervon unber\u00fchrt. Eine diesbez\u00fcgliche Haftung ist jedoch erst ab dem Zeitpunkt der Kenntnis einer konkreten Rechtsverletzung m\u00f6glich. Bei Bekanntwerden von entsprechenden Rechtsverletzungen werden wir diese Inhalte umgehend entfernen.\n<h2>Haftung f\u00fcr Links<\/h2>\nUnser Angebot enth\u00e4lt Links zu externen Websites Dritter, auf deren Inhalte wir keinen Einfluss haben. Deshalb k\u00f6nnen wir f\u00fcr diese fremden Inhalte auch keine Gew\u00e4hr \u00fcbernehmen. F\u00fcr die Inhalte der verlinkten Seiten ist stets der jeweilige Anbieter oder Betreiber der Seiten verantwortlich. Die verlinkten Seiten wurden zum Zeitpunkt der Verlinkung auf m\u00f6gliche Rechtsverst\u00f6\u00dfe \u00fcberpr\u00fcft. Rechtswidrige Inhalte waren zum Zeitpunkt der Verlinkung nicht erkennbar.\n\nEine permanente inhaltliche Kontrolle der verlinkten Seiten ist jedoch ohne konkrete Anhaltspunkte einer Rechtsverletzung nicht zumutbar. Bei Bekanntwerden von Rechtsverletzungen werden wir derartige Links umgehend entfernen.\n<h2>Urheberrecht<\/h2>\nDie durch die Seitenbetreiber erstellten Inhalte und Werke auf diesen Seiten unterliegen dem deutschen Urheberrecht. Die Vervielf\u00e4ltigung, Bearbeitung, Verbreitung und jede Art der Verwertung au\u00dferhalb der Grenzen des Urheberrechtes bed\u00fcrfen der schriftlichen Zustimmung des jeweiligen Autors bzw. Erstellers. Downloads und Kopien dieser Seite sind nur f\u00fcr den privaten, nicht kommerziellen Gebrauch gestattet.\n\nSoweit die Inhalte auf dieser Seite nicht vom Betreiber erstellt wurden, werden die Urheberrechte Dritter beachtet. Insbesondere werden Inhalte Dritter als solche gekennzeichnet. Sollten Sie trotzdem auf eine Urheberrechtsverletzung aufmerksam werden, bitten wir um einen entsprechenden Hinweis. Bei Bekanntwerden von Rechtsverletzungen werden wir derartige Inhalte umgehend entfernen.\n<h2>Datenschutz<\/h2>\nDie Betreiber dieser Seiten nehmenden Schutz Ihrer pers\u00f6nlichen Daten sehr ernst. Wir behandeln Ihre personenbezogenen Daten vertraulich und entsprechend der gesetzlichen Datenschutzvorschriften sowie dieser Datenschutzerkl\u00e4rung.\n\nDie Nutzung unserer Website ist in der Regel ohne Angabe personenbezogener Daten m\u00f6glich. Soweit auf unseren Seiten personenbezogene Daten(beispielsweise Name, Anschrift oder E-Mail-Adressen) erhoben werden, erfolgt dies, soweit m\u00f6glich, stets auf freiwilliger Basis. Diese Daten werden ohne Ihre ausdr\u00fcckliche Zustimmung nicht an Dritte weitergegeben.\n\nWir weisen darauf hin, dass die Daten\u00fcbertragung im Internet(z.B. bei der Kommunikation per E-Mail) Sicherheitsl\u00fccken aufweisen kann. Ein l\u00fcckenloser Schutz der Daten vor dem Zugriff durch Dritte ist nicht m\u00f6glich.\n<h2>Cookies<\/h2>\nDie Internetseiten verwenden teilweise so genannte Cookies. Cookies richten auf Ihrem Rechner keinen Schaden an und enthalten keine Viren. Cookies dienen dazu, unser Angebot nutzerfreundlicher, effektiver und sicherer zu machen. Cookies sind kleine Textdateien, die auf Ihrem Rechner abgelegt werden und die Ihr Browser speichert.\n\nDie meisten der von uns verwendeten Cookies sind so genannte \u201eSession-Cookies\u201c. Sie werden nach Ende Ihres Besuchs automatisch gel\u00f6scht. Andere Cookies bleiben auf Ihrem Endger\u00e4t gespeichert, bis Sie diese l\u00f6schen. Diese Cookies erm\u00f6glichen es uns, Ihren Browser beim n\u00e4chsten Besuch wiederzuerkennen.\n\nSie k\u00f6nnen Ihren Browser so einstellen, dass Sie \u00fcber das Setzen von Cookies informiert werden und Cookies nur im Einzelfall erlauben, die Annahme von Cookies f\u00fcr bestimmte F\u00e4lle oder generell ausschlie\u00dfen sowie das automatische L\u00f6schen der Cookies beim Schlie\u00dfen des Browser aktivieren. Bei der Deaktivierung von Cookies kann die Funktionalit\u00e4t dieser Website eingeschr\u00e4nkt sein.\n<h2>Server-Log-Files<\/h2>\nDer Provider der Seiten erhebt und speichert automatisch Informationen in so genannten Server-Log Files, die Ihr Browser automatisch an uns \u00fcbermittelt. Dies sind:\n<ul>\n \t<li>Browsertyp und Browserversion<\/li>\n \t<li>verwendetes Betriebssystem<\/li>\n \t<li>Referrer URL<\/li>\n \t<li>Hostname des zugreifenden Rechners<\/li>\n \t<li>Uhrzeit der Serveranfrage<\/li>\n<\/ul>\nDiese Datensind nicht bestimmten Personen zuordenbar. Eine Zusammenf\u00fchrung dieser Daten mit anderen Datenquellen wird nicht vorgenommen. Wir behalten uns vor, diese Daten nachtr\u00e4glich zu pr\u00fcfen, wenn uns konkrete Anhaltspunkte f\u00fcr eine rechtswidrige Nutzung bekanntwerden.\n<h2>Kontaktformular<\/h2>\nWenn Sie uns per Kontaktformular Anfragen zukommen lassen, werden Ihre Angaben aus dem Anfrageformular inklusive der von Ihnen dort angegebenen Kontaktdaten zwecks Bearbeitung der Anfrage und f\u00fcr den Fall von Anschlussfragen bei uns gespeichert. Diese Daten geben wir nicht ohne Ihre Einwilligung weiter.\n<h2>SSL-Verschl\u00fcsselung<\/h2>\nDiese Seite nutzt aus Gr\u00fcnden der Sicherheit und zum Schutz der \u00dcbertragung vertraulicher Inhalte, wie zum Beispiel der Anfragen, die Sie an uns als Seitenbetreiber senden, eine SSL-Verschl\u00fcsselung. Eine verschl\u00fcsselte Verbindung erkennen Sie daran, dass die Adresszeile des Browsers von &#8220;http:\/\/&#8221; auf &#8220;https:\/\/&#8221; wechselt und an dem Schloss-Symbol in Ihrer Browserzeile.\n\nWenn die SSL Verschl\u00fcsselung aktiviert ist, k\u00f6nnen die Daten, die Sie an uns \u00fcbermitteln, nicht von Dritten mitgelesen werden.\n<h2>Recht auf Auskunft, L\u00f6schung, Sperrung<\/h2>\nSie haben jederzeit das Recht auf unentgeltliche Auskunft \u00fcber Ihre gespeicherten personenbezogenen Daten, deren Herkunft und Empf\u00e4nger und den Zweck der Datenverarbeitung sowie ein Recht auf Berichtigung, Sperrung oder L\u00f6schung dieser Daten. Hierzu sowie zu weiteren Fragen zum Thema personenbezogene Daten k\u00f6nnen Sie sich jederzeit unter der im Impressum angegebenen Adresse an uns wenden.\n\nQuelle: <a href=\"https:\/\/www.e-recht24.de\" target=\"_blank\" rel=\"nofollow noopener\">eRecht24<\/a>","protected":false},"excerpt":{"rendered":"<p>Herausgeber: EGB Getriebe GmbH Am Klingenweg 9 65396 Walluf Vertreten durch: Evangelos Pipsos Telefon: +49 (0) 6123 999-6530 Handelsregister: Amtsgericht Wiesbaden, HRB 17707 USt-ID-Nr: DE 113842032 E-Mail: info@egb-getriebe.de Design und technische Umsetzung: AW Media Werbeagentur Haftung f\u00fcr Inhalte Als Diensteanbieter sind wir gem\u00e4\u00df \u00a7 7 Abs.1 TMG f\u00fcr eigene Inhalte auf diesen Seiten nach den [&hellip;]<\/p>\n","protected":false},"author":1,"featured_media":0,"parent":0,"menu_order":0,"comment_status":"closed","ping_status":"closed","template":"","meta":{"footnotes":""},"class_list":["post-71","page","type-page","status-publish","hentry"],"translation":{"provider":"WPGlobus","version":"3.0.0","language":"en","enabled_languages":["de","en"],"languages":{"de":{"title":true,"content":true,"excerpt":false},"en":{"title":false,"content":false,"excerpt":false}}},"yoast_head":"<!-- This site is optimized with the Yoast SEO plugin v26.2 - https:\/\/yoast.com\/wordpress\/plugins\/seo\/ -->\n<title>Impressum | EGB Getriebe GmbH<\/title>\n<meta name=\"robots\" content=\"index, follow, max-snippet:-1, max-image-preview:large, max-video-preview:-1\" \/>\n<link rel=\"canonical\" href=\"https:\/\/www.egb-getriebe.de\/impressum\/\" \/>\n<meta property=\"og:locale\" content=\"en_US\" \/>\n<meta property=\"og:type\" content=\"article\" \/>\n<meta property=\"og:title\" content=\"Impressum | EGB Getriebe GmbH\" \/>\n<meta property=\"og:url\" content=\"https:\/\/www.egb-getriebe.de\/impressum\/\" \/>\n<meta property=\"og:site_name\" content=\"EGB Getriebe GmbH\" \/>\n<meta property=\"article:modified_time\" content=\"2025-10-21T11:16:52+00:00\" \/>\n<meta name=\"twitter:card\" content=\"summary_large_image\" \/>\n<meta name=\"twitter:label1\" content=\"Est. reading time\" \/>\n\t<meta name=\"twitter:data1\" content=\"5 minutes\" \/>\n<script type=\"application\/ld+json\" class=\"yoast-schema-graph\">{\"@context\":\"https:\/\/schema.org\",\"@graph\":[{\"@type\":\"WebPage\",\"@id\":\"https:\/\/www.egb-getriebe.de\/impressum\/\",\"url\":\"https:\/\/www.egb-getriebe.de\/impressum\/\",\"name\":\"Impressum | EGB Getriebe GmbH\",\"isPartOf\":{\"@id\":\"https:\/\/www.egb-getriebe.de\/#website\"},\"datePublished\":\"2017-07-21T16:12:54+00:00\",\"dateModified\":\"2025-10-21T11:16:52+00:00\",\"breadcrumb\":{\"@id\":\"https:\/\/www.egb-getriebe.de\/impressum\/#breadcrumb\"},\"inLanguage\":\"en-US\",\"potentialAction\":[{\"@type\":\"ReadAction\",\"target\":[\"https:\/\/www.egb-getriebe.de\/impressum\/\"]}]},{\"@type\":\"BreadcrumbList\",\"@id\":\"https:\/\/www.egb-getriebe.de\/impressum\/#breadcrumb\",\"itemListElement\":[{\"@type\":\"ListItem\",\"position\":1,\"name\":\"Start\",\"item\":\"https:\/\/www.egb-getriebe.de\/\"},{\"@type\":\"ListItem\",\"position\":2,\"name\":\"Impressum\"}]},{\"@type\":\"WebSite\",\"@id\":\"https:\/\/www.egb-getriebe.de\/#website\",\"url\":\"https:\/\/www.egb-getriebe.de\/\",\"name\":\"EGB Getriebe GmbH\",\"description\":\"High-quality gears for use in mechanical engineering, industrial conveyor technology, screwdriving technology, rehabilitation and medical technology\",\"publisher\":{\"@id\":\"https:\/\/www.egb-getriebe.de\/#organization\"},\"potentialAction\":[{\"@type\":\"SearchAction\",\"target\":{\"@type\":\"EntryPoint\",\"urlTemplate\":\"https:\/\/www.egb-getriebe.de\/?s={search_term_string}\"},\"query-input\":{\"@type\":\"PropertyValueSpecification\",\"valueRequired\":true,\"valueName\":\"search_term_string\"}}],\"inLanguage\":\"en-US\"},{\"@type\":\"Organization\",\"@id\":\"https:\/\/www.egb-getriebe.de\/#organization\",\"name\":\"EGB Getriebe GmbH\",\"url\":\"https:\/\/www.egb-getriebe.de\/\",\"logo\":{\"@type\":\"ImageObject\",\"inLanguage\":\"en-US\",\"@id\":\"https:\/\/www.egb-getriebe.de\/#\/schema\/logo\/image\/\",\"url\":\"https:\/\/www.egb-getriebe.de\/wp-content\/uploads\/2017\/07\/egb-logo.svg\",\"contentUrl\":\"https:\/\/www.egb-getriebe.de\/wp-content\/uploads\/2017\/07\/egb-logo.svg\",\"caption\":\"EGB Getriebe GmbH\"},\"image\":{\"@id\":\"https:\/\/www.egb-getriebe.de\/#\/schema\/logo\/image\/\"}}]}<\/script>\n<!-- \/ Yoast SEO plugin. -->","yoast_head_json":{"title":"Impressum | EGB Getriebe GmbH","robots":{"index":"index","follow":"follow","max-snippet":"max-snippet:-1","max-image-preview":"max-image-preview:large","max-video-preview":"max-video-preview:-1"},"canonical":"https:\/\/www.egb-getriebe.de\/impressum\/","og_locale":"en_US","og_type":"article","og_title":"Impressum | EGB Getriebe GmbH","og_url":"https:\/\/www.egb-getriebe.de\/impressum\/","og_site_name":"EGB Getriebe GmbH","article_modified_time":"2025-10-21T11:16:52+00:00","twitter_card":"summary_large_image","twitter_misc":{"Est. reading time":"5 minutes"},"schema":{"@context":"https:\/\/schema.org","@graph":[{"@type":"WebPage","@id":"https:\/\/www.egb-getriebe.de\/impressum\/","url":"https:\/\/www.egb-getriebe.de\/impressum\/","name":"Impressum | EGB Getriebe GmbH","isPartOf":{"@id":"https:\/\/www.egb-getriebe.de\/#website"},"datePublished":"2017-07-21T16:12:54+00:00","dateModified":"2025-10-21T11:16:52+00:00","breadcrumb":{"@id":"https:\/\/www.egb-getriebe.de\/impressum\/#breadcrumb"},"inLanguage":"en-US","potentialAction":[{"@type":"ReadAction","target":["https:\/\/www.egb-getriebe.de\/impressum\/"]}]},{"@type":"BreadcrumbList","@id":"https:\/\/www.egb-getriebe.de\/impressum\/#breadcrumb","itemListElement":[{"@type":"ListItem","position":1,"name":"Start","item":"https:\/\/www.egb-getriebe.de\/"},{"@type":"ListItem","position":2,"name":"Impressum"}]},{"@type":"WebSite","@id":"https:\/\/www.egb-getriebe.de\/#website","url":"https:\/\/www.egb-getriebe.de\/","name":"EGB Getriebe GmbH","description":"High-quality gears for use in mechanical engineering, industrial conveyor technology, screwdriving technology, rehabilitation and medical technology","publisher":{"@id":"https:\/\/www.egb-getriebe.de\/#organization"},"potentialAction":[{"@type":"SearchAction","target":{"@type":"EntryPoint","urlTemplate":"https:\/\/www.egb-getriebe.de\/?s={search_term_string}"},"query-input":{"@type":"PropertyValueSpecification","valueRequired":true,"valueName":"search_term_string"}}],"inLanguage":"en-US"},{"@type":"Organization","@id":"https:\/\/www.egb-getriebe.de\/#organization","name":"EGB Getriebe GmbH","url":"https:\/\/www.egb-getriebe.de\/","logo":{"@type":"ImageObject","inLanguage":"en-US","@id":"https:\/\/www.egb-getriebe.de\/#\/schema\/logo\/image\/","url":"https:\/\/www.egb-getriebe.de\/wp-content\/uploads\/2017\/07\/egb-logo.svg","contentUrl":"https:\/\/www.egb-getriebe.de\/wp-content\/uploads\/2017\/07\/egb-logo.svg","caption":"EGB Getriebe GmbH"},"image":{"@id":"https:\/\/www.egb-getriebe.de\/#\/schema\/logo\/image\/"}}]}},"_links":{"self":[{"href":"https:\/\/www.egb-getriebe.de\/en\/wp-json\/wp\/v2\/pages\/71","targetHints":{"allow":["GET"]}}],"collection":[{"href":"https:\/\/www.egb-getriebe.de\/en\/wp-json\/wp\/v2\/pages"}],"about":[{"href":"https:\/\/www.egb-getriebe.de\/en\/wp-json\/wp\/v2\/types\/page"}],"author":[{"embeddable":true,"href":"https:\/\/www.egb-getriebe.de\/en\/wp-json\/wp\/v2\/users\/1"}],"replies":[{"embeddable":true,"href":"https:\/\/www.egb-getriebe.de\/en\/wp-json\/wp\/v2\/comments?post=71"}],"version-history":[{"count":2,"href":"https:\/\/www.egb-getriebe.de\/en\/wp-json\/wp\/v2\/pages\/71\/revisions"}],"predecessor-version":[{"id":681,"href":"https:\/\/www.egb-getriebe.de\/en\/wp-json\/wp\/v2\/pages\/71\/revisions\/681"}],"wp:attachment":[{"href":"https:\/\/www.egb-getriebe.de\/en\/wp-json\/wp\/v2\/media?parent=71"}],"curies":[{"name":"wp","href":"https:\/\/api.w.org\/{rel}","templated":true}]}}